{"id":34,"date":"2018-10-16T17:58:42","date_gmt":"2018-10-16T20:58:42","guid":{"rendered":"http:\/\/192.168.0.102\/sustentare-novo-site\/?page_id=34"},"modified":"2025-08-22T10:37:54","modified_gmt":"2025-08-22T13:37:54","slug":"materiais","status":"publish","type":"page","link":"https:\/\/homologacao.sustentare.net\/site\/materiais\/","title":{"rendered":"Materiais Educacionais"},"content":{"rendered":"<p>Confira nossos materiais educacionais e tenha acesso a conte\u00fados incr\u00edveis que trar\u00e3o inspira\u00e7\u00e3o para sua vida e neg\u00f3cios!<br \/>\nLembre-se: Conhecimento \u00e9 fundamental!<\/p>\n","protected":false},"excerpt":{"rendered":"<p>Confira nossos materiais educacionais e tenha acesso a conte\u00fados incr\u00edveis que trar\u00e3o inspira\u00e7\u00e3o para sua vida e neg\u00f3cios! Lembre-se: Conhecimento \u00e9 fundamental!<\/p>\n","protected":false},"author":35,"featured_media":0,"parent":0,"menu_order":0,"comment_status":"closed","ping_status":"closed","template":"","meta":{"_acf_changed":false,"inline_featured_image":false,"footnotes":""},"class_list":["post-34","page","type-page","status-publish","hentry"],"acf":[],"yoast_head":"<!-- This site is optimized with the Yoast SEO plugin v27.1.1 - https:\/\/yoast.com\/product\/yoast-seo-wordpress\/ -->\n<title>Materiais Educacionais | Sustentare - Escola de Neg\u00f3cios<\/title>\n<meta name=\"description\" content=\"Confira nossos materiais educacionais e tenha acesso a conte\u00fados incr\u00edveis que trar\u00e3o inspira\u00e7\u00e3o para sua vida e neg\u00f3cios!\" \/>\n<meta name=\"robots\" content=\"index, follow, max-snippet:-1, max-image-preview:large, max-video-preview:-1\" \/>\n<link rel=\"canonical\" href=\"https:\/\/homologacao.sustentare.net\/site\/materiais\/\" \/>\n<meta property=\"og:locale\" content=\"pt_BR\" \/>\n<meta property=\"og:type\" content=\"article\" \/>\n<meta property=\"og:title\" content=\"Materiais Educacionais | Sustentare - Escola de Neg\u00f3cios\" \/>\n<meta property=\"og:description\" content=\"Confira nossos materiais educacionais e tenha acesso a conte\u00fados incr\u00edveis que trar\u00e3o inspira\u00e7\u00e3o para sua vida e neg\u00f3cios!\" \/>\n<meta property=\"og:url\" content=\"https:\/\/homologacao.sustentare.net\/site\/materiais\/\" \/>\n<meta property=\"og:site_name\" content=\"Sustentare - Escola de Neg\u00f3cios\" \/>\n<meta property=\"article:publisher\" content=\"https:\/\/www.facebook.com\/sustentare\" \/>\n<meta property=\"article:modified_time\" content=\"2025-08-22T13:37:54+00:00\" \/>\n<meta property=\"og:image\" content=\"https:\/\/homologacao.sustentare.net\/site\/wp-content\/uploads\/2019\/02\/sustentare_facebook_squareavatar.png\" \/>\n\t<meta property=\"og:image:width\" content=\"960\" \/>\n\t<meta property=\"og:image:height\" content=\"960\" \/>\n\t<meta property=\"og:image:type\" content=\"image\/png\" \/>\n<meta name=\"twitter:card\" content=\"summary_large_image\" \/>\n<meta name=\"twitter:site\" content=\"@sustentare\" \/>\n<meta name=\"twitter:label1\" content=\"Est. tempo de leitura\" \/>\n\t<meta name=\"twitter:data1\" content=\"1 minuto\" \/>\n<script type=\"application\/ld+json\" class=\"yoast-schema-graph\">{\"@context\":\"https:\/\/schema.org\",\"@graph\":[{\"@type\":\"WebPage\",\"@id\":\"https:\/\/homologacao.sustentare.net\/site\/materiais\/\",\"url\":\"https:\/\/homologacao.sustentare.net\/site\/materiais\/\",\"name\":\"Materiais Educacionais | Sustentare - Escola de Neg\u00f3cios\",\"isPartOf\":{\"@id\":\"https:\/\/homologacao.sustentare.net\/site\/#website\"},\"datePublished\":\"2018-10-16T20:58:42+00:00\",\"dateModified\":\"2025-08-22T13:37:54+00:00\",\"description\":\"Confira nossos materiais educacionais e tenha acesso a conte\u00fados incr\u00edveis que trar\u00e3o inspira\u00e7\u00e3o para sua vida e neg\u00f3cios!\",\"breadcrumb\":{\"@id\":\"https:\/\/homologacao.sustentare.net\/site\/materiais\/#breadcrumb\"},\"inLanguage\":\"pt-BR\",\"potentialAction\":[{\"@type\":\"ReadAction\",\"target\":[\"https:\/\/homologacao.sustentare.net\/site\/materiais\/\"]}]},{\"@type\":\"BreadcrumbList\",\"@id\":\"https:\/\/homologacao.sustentare.net\/site\/materiais\/#breadcrumb\",\"itemListElement\":[{\"@type\":\"ListItem\",\"position\":1,\"name\":\"In\u00edcio\",\"item\":\"https:\/\/homologacao.sustentare.net\/site\/\"},{\"@type\":\"ListItem\",\"position\":2,\"name\":\"Materiais Educacionais\"}]},{\"@type\":\"WebSite\",\"@id\":\"https:\/\/homologacao.sustentare.net\/site\/#website\",\"url\":\"https:\/\/homologacao.sustentare.net\/site\/\",\"name\":\"Sustentare - Escola de Neg\u00f3cios\",\"description\":\"P\u00f3s-gradua\u00e7\u00e3o e MBA flex\u00edvel e pr\u00e1tico\",\"publisher\":{\"@id\":\"https:\/\/homologacao.sustentare.net\/site\/#organization\"},\"potentialAction\":[{\"@type\":\"SearchAction\",\"target\":{\"@type\":\"EntryPoint\",\"urlTemplate\":\"https:\/\/homologacao.sustentare.net\/site\/?s={search_term_string}\"},\"query-input\":{\"@type\":\"PropertyValueSpecification\",\"valueRequired\":true,\"valueName\":\"search_term_string\"}}],\"inLanguage\":\"pt-BR\"},{\"@type\":\"Organization\",\"@id\":\"https:\/\/homologacao.sustentare.net\/site\/#organization\",\"name\":\"Sustentare Escola de Neg\u00f3cios\",\"url\":\"https:\/\/homologacao.sustentare.net\/site\/\",\"logo\":{\"@type\":\"ImageObject\",\"inLanguage\":\"pt-BR\",\"@id\":\"https:\/\/homologacao.sustentare.net\/site\/#\/schema\/logo\/image\/\",\"url\":\"https:\/\/homologacao.sustentare.net\/site\/wp-content\/uploads\/2019\/02\/sustentare_facebook_squareavatar.png\",\"contentUrl\":\"https:\/\/homologacao.sustentare.net\/site\/wp-content\/uploads\/2019\/02\/sustentare_facebook_squareavatar.png\",\"width\":960,\"height\":960,\"caption\":\"Sustentare Escola de Neg\u00f3cios\"},\"image\":{\"@id\":\"https:\/\/homologacao.sustentare.net\/site\/#\/schema\/logo\/image\/\"},\"sameAs\":[\"https:\/\/www.facebook.com\/sustentare\",\"https:\/\/x.com\/sustentare\"]}]}<\/script>\n<!-- \/ Yoast SEO plugin. -->","yoast_head_json":{"title":"Materiais Educacionais | Sustentare - Escola de Neg\u00f3cios","description":"Confira nossos materiais educacionais e tenha acesso a conte\u00fados incr\u00edveis que trar\u00e3o inspira\u00e7\u00e3o para sua vida e neg\u00f3cios!","robots":{"index":"index","follow":"follow","max-snippet":"max-snippet:-1","max-image-preview":"max-image-preview:large","max-video-preview":"max-video-preview:-1"},"canonical":"https:\/\/homologacao.sustentare.net\/site\/materiais\/","og_locale":"pt_BR","og_type":"article","og_title":"Materiais Educacionais | Sustentare - Escola de Neg\u00f3cios","og_description":"Confira nossos materiais educacionais e tenha acesso a conte\u00fados incr\u00edveis que trar\u00e3o inspira\u00e7\u00e3o para sua vida e neg\u00f3cios!","og_url":"https:\/\/homologacao.sustentare.net\/site\/materiais\/","og_site_name":"Sustentare - Escola de Neg\u00f3cios","article_publisher":"https:\/\/www.facebook.com\/sustentare","article_modified_time":"2025-08-22T13:37:54+00:00","og_image":[{"width":960,"height":960,"url":"https:\/\/homologacao.sustentare.net\/site\/wp-content\/uploads\/2019\/02\/sustentare_facebook_squareavatar.png","type":"image\/png"}],"twitter_card":"summary_large_image","twitter_site":"@sustentare","twitter_misc":{"Est. tempo de leitura":"1 minuto"},"schema":{"@context":"https:\/\/schema.org","@graph":[{"@type":"WebPage","@id":"https:\/\/homologacao.sustentare.net\/site\/materiais\/","url":"https:\/\/homologacao.sustentare.net\/site\/materiais\/","name":"Materiais Educacionais | Sustentare - Escola de Neg\u00f3cios","isPartOf":{"@id":"https:\/\/homologacao.sustentare.net\/site\/#website"},"datePublished":"2018-10-16T20:58:42+00:00","dateModified":"2025-08-22T13:37:54+00:00","description":"Confira nossos materiais educacionais e tenha acesso a conte\u00fados incr\u00edveis que trar\u00e3o inspira\u00e7\u00e3o para sua vida e neg\u00f3cios!","breadcrumb":{"@id":"https:\/\/homologacao.sustentare.net\/site\/materiais\/#breadcrumb"},"inLanguage":"pt-BR","potentialAction":[{"@type":"ReadAction","target":["https:\/\/homologacao.sustentare.net\/site\/materiais\/"]}]},{"@type":"BreadcrumbList","@id":"https:\/\/homologacao.sustentare.net\/site\/materiais\/#breadcrumb","itemListElement":[{"@type":"ListItem","position":1,"name":"In\u00edcio","item":"https:\/\/homologacao.sustentare.net\/site\/"},{"@type":"ListItem","position":2,"name":"Materiais Educacionais"}]},{"@type":"WebSite","@id":"https:\/\/homologacao.sustentare.net\/site\/#website","url":"https:\/\/homologacao.sustentare.net\/site\/","name":"Sustentare - Escola de Neg\u00f3cios","description":"P\u00f3s-gradua\u00e7\u00e3o e MBA flex\u00edvel e pr\u00e1tico","publisher":{"@id":"https:\/\/homologacao.sustentare.net\/site\/#organization"},"potentialAction":[{"@type":"SearchAction","target":{"@type":"EntryPoint","urlTemplate":"https:\/\/homologacao.sustentare.net\/site\/?s={search_term_string}"},"query-input":{"@type":"PropertyValueSpecification","valueRequired":true,"valueName":"search_term_string"}}],"inLanguage":"pt-BR"},{"@type":"Organization","@id":"https:\/\/homologacao.sustentare.net\/site\/#organization","name":"Sustentare Escola de Neg\u00f3cios","url":"https:\/\/homologacao.sustentare.net\/site\/","logo":{"@type":"ImageObject","inLanguage":"pt-BR","@id":"https:\/\/homologacao.sustentare.net\/site\/#\/schema\/logo\/image\/","url":"https:\/\/homologacao.sustentare.net\/site\/wp-content\/uploads\/2019\/02\/sustentare_facebook_squareavatar.png","contentUrl":"https:\/\/homologacao.sustentare.net\/site\/wp-content\/uploads\/2019\/02\/sustentare_facebook_squareavatar.png","width":960,"height":960,"caption":"Sustentare Escola de Neg\u00f3cios"},"image":{"@id":"https:\/\/homologacao.sustentare.net\/site\/#\/schema\/logo\/image\/"},"sameAs":["https:\/\/www.facebook.com\/sustentare","https:\/\/x.com\/sustentare"]}]}},"_links":{"self":[{"href":"https:\/\/homologacao.sustentare.net\/site\/wp-json\/wp\/v2\/pages\/34","targetHints":{"allow":["GET"]}}],"collection":[{"href":"https:\/\/homologacao.sustentare.net\/site\/wp-json\/wp\/v2\/pages"}],"about":[{"href":"https:\/\/homologacao.sustentare.net\/site\/wp-json\/wp\/v2\/types\/page"}],"author":[{"embeddable":true,"href":"https:\/\/homologacao.sustentare.net\/site\/wp-json\/wp\/v2\/users\/35"}],"replies":[{"embeddable":true,"href":"https:\/\/homologacao.sustentare.net\/site\/wp-json\/wp\/v2\/comments?post=34"}],"version-history":[{"count":0,"href":"https:\/\/homologacao.sustentare.net\/site\/wp-json\/wp\/v2\/pages\/34\/revisions"}],"wp:attachment":[{"href":"https:\/\/homologacao.sustentare.net\/site\/wp-json\/wp\/v2\/media?parent=34"}],"curies":[{"name":"wp","href":"https:\/\/api.w.org\/{rel}","templated":true}]}}