{"id":30,"date":"2018-10-16T13:10:24","date_gmt":"2018-10-16T16:10:24","guid":{"rendered":"http:\/\/192.168.0.102\/sustentare-novo-site\/?page_id=30"},"modified":"2025-10-24T08:58:53","modified_gmt":"2025-10-24T11:58:53","slug":"bolsa-de-estudos","status":"publish","type":"page","link":"https:\/\/homologacao.sustentare.net\/site\/bolsa-de-estudos\/","title":{"rendered":"Bolsas de Estudo"},"content":{"rendered":"<p>A Sustentare Escola de Neg\u00f3cios atua em Joinville desde 2005 com os melhores cursos de P\u00f3s-Gradua\u00e7\u00e3o e MBA do Sul do Brasil. A escola mant\u00e9m uma pol\u00edtica de valoriza\u00e7\u00e3o do desempenho acad\u00eamico por meio de bolsas de estudo.<\/p>\n<p>&nbsp;<\/p>\n<div><img decoding=\"async\" class=\"aligncenter wp-image-157585 size-full lazyload\" data-src=\"https:\/\/homologacao.sustentare.net\/site\/wp-content\/uploads\/2024\/01\/49533342552_bef2e1482d_o-scaled.jpg\" alt=\"\" width=\"2560\" height=\"1438\" data-srcset=\"https:\/\/homologacao.sustentare.net\/site\/wp-content\/uploads\/2024\/01\/49533342552_bef2e1482d_o-scaled.jpg 2560w, https:\/\/homologacao.sustentare.net\/site\/wp-content\/uploads\/2024\/01\/49533342552_bef2e1482d_o-300x169.jpg 300w, https:\/\/homologacao.sustentare.net\/site\/wp-content\/uploads\/2024\/01\/49533342552_bef2e1482d_o-1024x575.jpg 1024w, https:\/\/homologacao.sustentare.net\/site\/wp-content\/uploads\/2024\/01\/49533342552_bef2e1482d_o-768x431.jpg 768w, https:\/\/homologacao.sustentare.net\/site\/wp-content\/uploads\/2024\/01\/49533342552_bef2e1482d_o-1536x863.jpg 1536w, https:\/\/homologacao.sustentare.net\/site\/wp-content\/uploads\/2024\/01\/49533342552_bef2e1482d_o-2048x1150.jpg 2048w\" data-sizes=\"(max-width: 2560px) 100vw, 2560px\" src=\"data:image\/svg+xml;base64,PHN2ZyB3aWR0aD0iMSIgaGVpZ2h0PSIxIiB4bWxucz0iaHR0cDovL3d3dy53My5vcmcvMjAwMC9zdmciPjwvc3ZnPg==\" style=\"--smush-placeholder-width: 2560px; --smush-placeholder-aspect-ratio: 2560\/1438;\" \/><\/div>\n","protected":false},"excerpt":{"rendered":"<p>A Sustentare Escola de Neg\u00f3cios atua em Joinville desde 2005 com os melhores cursos de P\u00f3s-Gradua\u00e7\u00e3o e MBA do Sul do Brasil. A escola mant\u00e9m uma pol\u00edtica de valoriza\u00e7\u00e3o do desempenho acad\u00ea ...","protected":false},"author":4,"featured_media":0,"parent":0,"menu_order":0,"comment_status":"closed","ping_status":"closed","template":"","meta":{"_acf_changed":false,"inline_featured_image":false,"footnotes":""},"class_list":["post-30","page","type-page","status-publish","hentry"],"acf":[],"yoast_head":"<!-- This site is optimized with the Yoast SEO plugin v27.1.1 - https:\/\/yoast.com\/product\/yoast-seo-wordpress\/ -->\n<title>Bolsas de Estudo | Sustentare - Escola de Neg\u00f3cios<\/title>\n<meta name=\"description\" content=\"Confira os programas de incentivo para realizar sua P\u00f3s-Gradua\u00e7\u00e3o ou MBA na Sustentare, facilitando seu desenvolvimento profissional.\" \/>\n<meta name=\"robots\" content=\"index, follow, max-snippet:-1, max-image-preview:large, max-video-preview:-1\" \/>\n<link rel=\"canonical\" href=\"https:\/\/homologacao.sustentare.net\/site\/bolsa-de-estudos\/\" \/>\n<meta property=\"og:locale\" content=\"pt_BR\" \/>\n<meta property=\"og:type\" content=\"article\" \/>\n<meta property=\"og:title\" content=\"Bolsas de Estudo | Sustentare - Escola de Neg\u00f3cios\" \/>\n<meta property=\"og:description\" content=\"Confira os programas de incentivo para realizar sua P\u00f3s-Gradua\u00e7\u00e3o ou MBA na Sustentare, facilitando seu desenvolvimento profissional.\" \/>\n<meta property=\"og:url\" content=\"https:\/\/homologacao.sustentare.net\/site\/bolsa-de-estudos\/\" \/>\n<meta property=\"og:site_name\" content=\"Sustentare - Escola de Neg\u00f3cios\" \/>\n<meta property=\"article:publisher\" content=\"https:\/\/www.facebook.com\/sustentare\" \/>\n<meta property=\"article:modified_time\" content=\"2025-10-24T11:58:53+00:00\" \/>\n<meta property=\"og:image\" content=\"https:\/\/homologacao.sustentare.net\/site\/wp-content\/uploads\/2024\/01\/49533342552_bef2e1482d_o-scaled.jpg\" \/>\n<meta name=\"twitter:card\" content=\"summary_large_image\" \/>\n<meta name=\"twitter:site\" content=\"@sustentare\" \/>\n<meta name=\"twitter:label1\" content=\"Est. tempo de leitura\" \/>\n\t<meta name=\"twitter:data1\" content=\"1 minuto\" \/>\n<script type=\"application\/ld+json\" class=\"yoast-schema-graph\">{\"@context\":\"https:\/\/schema.org\",\"@graph\":[{\"@type\":\"WebPage\",\"@id\":\"https:\/\/homologacao.sustentare.net\/site\/bolsa-de-estudos\/\",\"url\":\"https:\/\/homologacao.sustentare.net\/site\/bolsa-de-estudos\/\",\"name\":\"Bolsas de Estudo | Sustentare - Escola de Neg\u00f3cios\",\"isPartOf\":{\"@id\":\"https:\/\/homologacao.sustentare.net\/site\/#website\"},\"primaryImageOfPage\":{\"@id\":\"https:\/\/homologacao.sustentare.net\/site\/bolsa-de-estudos\/#primaryimage\"},\"image\":{\"@id\":\"https:\/\/homologacao.sustentare.net\/site\/bolsa-de-estudos\/#primaryimage\"},\"thumbnailUrl\":\"https:\/\/homologacao.sustentare.net\/site\/wp-content\/uploads\/2024\/01\/49533342552_bef2e1482d_o-scaled.jpg\",\"datePublished\":\"2018-10-16T16:10:24+00:00\",\"dateModified\":\"2025-10-24T11:58:53+00:00\",\"description\":\"Confira os programas de incentivo para realizar sua P\u00f3s-Gradua\u00e7\u00e3o ou MBA na Sustentare, facilitando seu desenvolvimento profissional.\",\"breadcrumb\":{\"@id\":\"https:\/\/homologacao.sustentare.net\/site\/bolsa-de-estudos\/#breadcrumb\"},\"inLanguage\":\"pt-BR\",\"potentialAction\":[{\"@type\":\"ReadAction\",\"target\":[\"https:\/\/homologacao.sustentare.net\/site\/bolsa-de-estudos\/\"]}]},{\"@type\":\"ImageObject\",\"inLanguage\":\"pt-BR\",\"@id\":\"https:\/\/homologacao.sustentare.net\/site\/bolsa-de-estudos\/#primaryimage\",\"url\":\"https:\/\/homologacao.sustentare.net\/site\/wp-content\/uploads\/2024\/01\/49533342552_bef2e1482d_o-scaled.jpg\",\"contentUrl\":\"https:\/\/homologacao.sustentare.net\/site\/wp-content\/uploads\/2024\/01\/49533342552_bef2e1482d_o-scaled.jpg\",\"width\":2560,\"height\":1438},{\"@type\":\"BreadcrumbList\",\"@id\":\"https:\/\/homologacao.sustentare.net\/site\/bolsa-de-estudos\/#breadcrumb\",\"itemListElement\":[{\"@type\":\"ListItem\",\"position\":1,\"name\":\"In\u00edcio\",\"item\":\"https:\/\/homologacao.sustentare.net\/site\/\"},{\"@type\":\"ListItem\",\"position\":2,\"name\":\"Bolsas de Estudo\"}]},{\"@type\":\"WebSite\",\"@id\":\"https:\/\/homologacao.sustentare.net\/site\/#website\",\"url\":\"https:\/\/homologacao.sustentare.net\/site\/\",\"name\":\"Sustentare - Escola de Neg\u00f3cios\",\"description\":\"P\u00f3s-gradua\u00e7\u00e3o e MBA flex\u00edvel e pr\u00e1tico\",\"publisher\":{\"@id\":\"https:\/\/homologacao.sustentare.net\/site\/#organization\"},\"potentialAction\":[{\"@type\":\"SearchAction\",\"target\":{\"@type\":\"EntryPoint\",\"urlTemplate\":\"https:\/\/homologacao.sustentare.net\/site\/?s={search_term_string}\"},\"query-input\":{\"@type\":\"PropertyValueSpecification\",\"valueRequired\":true,\"valueName\":\"search_term_string\"}}],\"inLanguage\":\"pt-BR\"},{\"@type\":\"Organization\",\"@id\":\"https:\/\/homologacao.sustentare.net\/site\/#organization\",\"name\":\"Sustentare Escola de Neg\u00f3cios\",\"url\":\"https:\/\/homologacao.sustentare.net\/site\/\",\"logo\":{\"@type\":\"ImageObject\",\"inLanguage\":\"pt-BR\",\"@id\":\"https:\/\/homologacao.sustentare.net\/site\/#\/schema\/logo\/image\/\",\"url\":\"https:\/\/homologacao.sustentare.net\/site\/wp-content\/uploads\/2019\/02\/sustentare_facebook_squareavatar.png\",\"contentUrl\":\"https:\/\/homologacao.sustentare.net\/site\/wp-content\/uploads\/2019\/02\/sustentare_facebook_squareavatar.png\",\"width\":960,\"height\":960,\"caption\":\"Sustentare Escola de Neg\u00f3cios\"},\"image\":{\"@id\":\"https:\/\/homologacao.sustentare.net\/site\/#\/schema\/logo\/image\/\"},\"sameAs\":[\"https:\/\/www.facebook.com\/sustentare\",\"https:\/\/x.com\/sustentare\"]}]}<\/script>\n<!-- \/ Yoast SEO plugin. -->","yoast_head_json":{"title":"Bolsas de Estudo | Sustentare - Escola de Neg\u00f3cios","description":"Confira os programas de incentivo para realizar sua P\u00f3s-Gradua\u00e7\u00e3o ou MBA na Sustentare, facilitando seu desenvolvimento profissional.","robots":{"index":"index","follow":"follow","max-snippet":"max-snippet:-1","max-image-preview":"max-image-preview:large","max-video-preview":"max-video-preview:-1"},"canonical":"https:\/\/homologacao.sustentare.net\/site\/bolsa-de-estudos\/","og_locale":"pt_BR","og_type":"article","og_title":"Bolsas de Estudo | Sustentare - Escola de Neg\u00f3cios","og_description":"Confira os programas de incentivo para realizar sua P\u00f3s-Gradua\u00e7\u00e3o ou MBA na Sustentare, facilitando seu desenvolvimento profissional.","og_url":"https:\/\/homologacao.sustentare.net\/site\/bolsa-de-estudos\/","og_site_name":"Sustentare - Escola de Neg\u00f3cios","article_publisher":"https:\/\/www.facebook.com\/sustentare","article_modified_time":"2025-10-24T11:58:53+00:00","og_image":[{"url":"https:\/\/homologacao.sustentare.net\/site\/wp-content\/uploads\/2024\/01\/49533342552_bef2e1482d_o-scaled.jpg","type":"","width":"","height":""}],"twitter_card":"summary_large_image","twitter_site":"@sustentare","twitter_misc":{"Est. tempo de leitura":"1 minuto"},"schema":{"@context":"https:\/\/schema.org","@graph":[{"@type":"WebPage","@id":"https:\/\/homologacao.sustentare.net\/site\/bolsa-de-estudos\/","url":"https:\/\/homologacao.sustentare.net\/site\/bolsa-de-estudos\/","name":"Bolsas de Estudo | Sustentare - Escola de Neg\u00f3cios","isPartOf":{"@id":"https:\/\/homologacao.sustentare.net\/site\/#website"},"primaryImageOfPage":{"@id":"https:\/\/homologacao.sustentare.net\/site\/bolsa-de-estudos\/#primaryimage"},"image":{"@id":"https:\/\/homologacao.sustentare.net\/site\/bolsa-de-estudos\/#primaryimage"},"thumbnailUrl":"https:\/\/homologacao.sustentare.net\/site\/wp-content\/uploads\/2024\/01\/49533342552_bef2e1482d_o-scaled.jpg","datePublished":"2018-10-16T16:10:24+00:00","dateModified":"2025-10-24T11:58:53+00:00","description":"Confira os programas de incentivo para realizar sua P\u00f3s-Gradua\u00e7\u00e3o ou MBA na Sustentare, facilitando seu desenvolvimento profissional.","breadcrumb":{"@id":"https:\/\/homologacao.sustentare.net\/site\/bolsa-de-estudos\/#breadcrumb"},"inLanguage":"pt-BR","potentialAction":[{"@type":"ReadAction","target":["https:\/\/homologacao.sustentare.net\/site\/bolsa-de-estudos\/"]}]},{"@type":"ImageObject","inLanguage":"pt-BR","@id":"https:\/\/homologacao.sustentare.net\/site\/bolsa-de-estudos\/#primaryimage","url":"https:\/\/homologacao.sustentare.net\/site\/wp-content\/uploads\/2024\/01\/49533342552_bef2e1482d_o-scaled.jpg","contentUrl":"https:\/\/homologacao.sustentare.net\/site\/wp-content\/uploads\/2024\/01\/49533342552_bef2e1482d_o-scaled.jpg","width":2560,"height":1438},{"@type":"BreadcrumbList","@id":"https:\/\/homologacao.sustentare.net\/site\/bolsa-de-estudos\/#breadcrumb","itemListElement":[{"@type":"ListItem","position":1,"name":"In\u00edcio","item":"https:\/\/homologacao.sustentare.net\/site\/"},{"@type":"ListItem","position":2,"name":"Bolsas de Estudo"}]},{"@type":"WebSite","@id":"https:\/\/homologacao.sustentare.net\/site\/#website","url":"https:\/\/homologacao.sustentare.net\/site\/","name":"Sustentare - Escola de Neg\u00f3cios","description":"P\u00f3s-gradua\u00e7\u00e3o e MBA flex\u00edvel e pr\u00e1tico","publisher":{"@id":"https:\/\/homologacao.sustentare.net\/site\/#organization"},"potentialAction":[{"@type":"SearchAction","target":{"@type":"EntryPoint","urlTemplate":"https:\/\/homologacao.sustentare.net\/site\/?s={search_term_string}"},"query-input":{"@type":"PropertyValueSpecification","valueRequired":true,"valueName":"search_term_string"}}],"inLanguage":"pt-BR"},{"@type":"Organization","@id":"https:\/\/homologacao.sustentare.net\/site\/#organization","name":"Sustentare Escola de Neg\u00f3cios","url":"https:\/\/homologacao.sustentare.net\/site\/","logo":{"@type":"ImageObject","inLanguage":"pt-BR","@id":"https:\/\/homologacao.sustentare.net\/site\/#\/schema\/logo\/image\/","url":"https:\/\/homologacao.sustentare.net\/site\/wp-content\/uploads\/2019\/02\/sustentare_facebook_squareavatar.png","contentUrl":"https:\/\/homologacao.sustentare.net\/site\/wp-content\/uploads\/2019\/02\/sustentare_facebook_squareavatar.png","width":960,"height":960,"caption":"Sustentare Escola de Neg\u00f3cios"},"image":{"@id":"https:\/\/homologacao.sustentare.net\/site\/#\/schema\/logo\/image\/"},"sameAs":["https:\/\/www.facebook.com\/sustentare","https:\/\/x.com\/sustentare"]}]}},"_links":{"self":[{"href":"https:\/\/homologacao.sustentare.net\/site\/wp-json\/wp\/v2\/pages\/30","targetHints":{"allow":["GET"]}}],"collection":[{"href":"https:\/\/homologacao.sustentare.net\/site\/wp-json\/wp\/v2\/pages"}],"about":[{"href":"https:\/\/homologacao.sustentare.net\/site\/wp-json\/wp\/v2\/types\/page"}],"author":[{"embeddable":true,"href":"https:\/\/homologacao.sustentare.net\/site\/wp-json\/wp\/v2\/users\/4"}],"replies":[{"embeddable":true,"href":"https:\/\/homologacao.sustentare.net\/site\/wp-json\/wp\/v2\/comments?post=30"}],"version-history":[{"count":0,"href":"https:\/\/homologacao.sustentare.net\/site\/wp-json\/wp\/v2\/pages\/30\/revisions"}],"wp:attachment":[{"href":"https:\/\/homologacao.sustentare.net\/site\/wp-json\/wp\/v2\/media?parent=30"}],"curies":[{"name":"wp","href":"https:\/\/api.w.org\/{rel}","templated":true}]}}