{"id":24,"date":"2018-10-16T10:35:49","date_gmt":"2018-10-16T13:35:49","guid":{"rendered":"http:\/\/192.168.0.102\/sustentare-novo-site\/?page_id=24"},"modified":"2026-02-17T14:35:48","modified_gmt":"2026-02-17T17:35:48","slug":"conheca-a-sustentare","status":"publish","type":"page","link":"https:\/\/homologacao.sustentare.net\/site\/conheca-a-sustentare\/","title":{"rendered":"Conhe\u00e7a a Sustentare"},"content":{"rendered":"<p style=\"text-align: left;\">A Sustentare Escola de Neg\u00f3cios \u00e9 a institui\u00e7\u00e3o de ensino superior da regi\u00e3o Norte de Santa Catarina que oferece o maior n\u00famero de op\u00e7\u00f5es de especializa\u00e7\u00f5es e MBAs. S\u00e3o mais de 60 cursos nas \u00e1reas de Gest\u00e3o, Inova\u00e7\u00e3o, Finan\u00e7as, Marketing, Engenharia, Tecnologia da Informa\u00e7\u00e3o, Opera\u00e7\u00f5es e Design. A institui\u00e7\u00e3o oferece ainda cursos de extens\u00e3o, capacita\u00e7\u00e3o, cursos in company e programas corporativos.<\/p>\n","protected":false},"excerpt":{"rendered":"<p>A Sustentare Escola de Neg\u00f3cios \u00e9 a institui\u00e7\u00e3o de ensino superior da regi\u00e3o Norte de Santa Catarina que oferece o maior n\u00famero de op\u00e7\u00f5es de especializa\u00e7\u00f5es e MBAs. S\u00e3o mais de 60 cursos ...","protected":false},"author":4,"featured_media":0,"parent":0,"menu_order":0,"comment_status":"closed","ping_status":"closed","template":"","meta":{"_acf_changed":false,"inline_featured_image":false,"footnotes":""},"class_list":["post-24","page","type-page","status-publish","hentry"],"acf":[],"yoast_head":"<!-- This site is optimized with the Yoast SEO plugin v27.1.1 - https:\/\/yoast.com\/product\/yoast-seo-wordpress\/ -->\n<title>Conhe\u00e7a a Sustentare | Sustentare - Escola de Neg\u00f3cios<\/title>\n<meta name=\"description\" content=\"Conhe\u00e7a a Sustentare Escola de Neg\u00f3cios: prop\u00f3sito e m\u00e9todo que formam profissionais para transformar organiza\u00e7\u00f5es e a sociedade.\" \/>\n<meta name=\"robots\" content=\"index, follow, max-snippet:-1, max-image-preview:large, max-video-preview:-1\" \/>\n<link rel=\"canonical\" href=\"https:\/\/homologacao.sustentare.net\/site\/conheca-a-sustentare\/\" \/>\n<meta property=\"og:locale\" content=\"pt_BR\" \/>\n<meta property=\"og:type\" content=\"article\" \/>\n<meta property=\"og:title\" content=\"Conhe\u00e7a a Sustentare | Sustentare - Escola de Neg\u00f3cios\" \/>\n<meta property=\"og:description\" content=\"Conhe\u00e7a a Sustentare Escola de Neg\u00f3cios: prop\u00f3sito e m\u00e9todo que formam profissionais para transformar organiza\u00e7\u00f5es e a sociedade.\" \/>\n<meta property=\"og:url\" content=\"https:\/\/homologacao.sustentare.net\/site\/conheca-a-sustentare\/\" \/>\n<meta property=\"og:site_name\" content=\"Sustentare - Escola de Neg\u00f3cios\" \/>\n<meta property=\"article:publisher\" content=\"https:\/\/www.facebook.com\/sustentare\" \/>\n<meta property=\"article:modified_time\" content=\"2026-02-17T17:35:48+00:00\" \/>\n<meta property=\"og:image\" content=\"https:\/\/homologacao.sustentare.net\/site\/wp-content\/uploads\/2019\/02\/sustentare_facebook_squareavatar.png\" \/>\n\t<meta property=\"og:image:width\" content=\"960\" \/>\n\t<meta property=\"og:image:height\" content=\"960\" \/>\n\t<meta property=\"og:image:type\" content=\"image\/png\" \/>\n<meta name=\"twitter:card\" content=\"summary_large_image\" \/>\n<meta name=\"twitter:site\" content=\"@sustentare\" \/>\n<meta name=\"twitter:label1\" content=\"Est. tempo de leitura\" \/>\n\t<meta name=\"twitter:data1\" content=\"1 minuto\" \/>\n<script type=\"application\/ld+json\" class=\"yoast-schema-graph\">{\"@context\":\"https:\/\/schema.org\",\"@graph\":[{\"@type\":\"WebPage\",\"@id\":\"https:\/\/homologacao.sustentare.net\/site\/conheca-a-sustentare\/\",\"url\":\"https:\/\/homologacao.sustentare.net\/site\/conheca-a-sustentare\/\",\"name\":\"Conhe\u00e7a a Sustentare | Sustentare - Escola de Neg\u00f3cios\",\"isPartOf\":{\"@id\":\"https:\/\/homologacao.sustentare.net\/site\/#website\"},\"datePublished\":\"2018-10-16T13:35:49+00:00\",\"dateModified\":\"2026-02-17T17:35:48+00:00\",\"description\":\"Conhe\u00e7a a Sustentare Escola de Neg\u00f3cios: prop\u00f3sito e m\u00e9todo que formam profissionais para transformar organiza\u00e7\u00f5es e a sociedade.\",\"breadcrumb\":{\"@id\":\"https:\/\/homologacao.sustentare.net\/site\/conheca-a-sustentare\/#breadcrumb\"},\"inLanguage\":\"pt-BR\",\"potentialAction\":[{\"@type\":\"ReadAction\",\"target\":[\"https:\/\/homologacao.sustentare.net\/site\/conheca-a-sustentare\/\"]}]},{\"@type\":\"BreadcrumbList\",\"@id\":\"https:\/\/homologacao.sustentare.net\/site\/conheca-a-sustentare\/#breadcrumb\",\"itemListElement\":[{\"@type\":\"ListItem\",\"position\":1,\"name\":\"In\u00edcio\",\"item\":\"https:\/\/homologacao.sustentare.net\/site\/\"},{\"@type\":\"ListItem\",\"position\":2,\"name\":\"Conhe\u00e7a a Sustentare\"}]},{\"@type\":\"WebSite\",\"@id\":\"https:\/\/homologacao.sustentare.net\/site\/#website\",\"url\":\"https:\/\/homologacao.sustentare.net\/site\/\",\"name\":\"Sustentare - Escola de Neg\u00f3cios\",\"description\":\"P\u00f3s-gradua\u00e7\u00e3o e MBA flex\u00edvel e pr\u00e1tico\",\"publisher\":{\"@id\":\"https:\/\/homologacao.sustentare.net\/site\/#organization\"},\"potentialAction\":[{\"@type\":\"SearchAction\",\"target\":{\"@type\":\"EntryPoint\",\"urlTemplate\":\"https:\/\/homologacao.sustentare.net\/site\/?s={search_term_string}\"},\"query-input\":{\"@type\":\"PropertyValueSpecification\",\"valueRequired\":true,\"valueName\":\"search_term_string\"}}],\"inLanguage\":\"pt-BR\"},{\"@type\":\"Organization\",\"@id\":\"https:\/\/homologacao.sustentare.net\/site\/#organization\",\"name\":\"Sustentare Escola de Neg\u00f3cios\",\"url\":\"https:\/\/homologacao.sustentare.net\/site\/\",\"logo\":{\"@type\":\"ImageObject\",\"inLanguage\":\"pt-BR\",\"@id\":\"https:\/\/homologacao.sustentare.net\/site\/#\/schema\/logo\/image\/\",\"url\":\"https:\/\/homologacao.sustentare.net\/site\/wp-content\/uploads\/2019\/02\/sustentare_facebook_squareavatar.png\",\"contentUrl\":\"https:\/\/homologacao.sustentare.net\/site\/wp-content\/uploads\/2019\/02\/sustentare_facebook_squareavatar.png\",\"width\":960,\"height\":960,\"caption\":\"Sustentare Escola de Neg\u00f3cios\"},\"image\":{\"@id\":\"https:\/\/homologacao.sustentare.net\/site\/#\/schema\/logo\/image\/\"},\"sameAs\":[\"https:\/\/www.facebook.com\/sustentare\",\"https:\/\/x.com\/sustentare\"]}]}<\/script>\n<!-- \/ Yoast SEO plugin. -->","yoast_head_json":{"title":"Conhe\u00e7a a Sustentare | Sustentare - Escola de Neg\u00f3cios","description":"Conhe\u00e7a a Sustentare Escola de Neg\u00f3cios: prop\u00f3sito e m\u00e9todo que formam profissionais para transformar organiza\u00e7\u00f5es e a sociedade.","robots":{"index":"index","follow":"follow","max-snippet":"max-snippet:-1","max-image-preview":"max-image-preview:large","max-video-preview":"max-video-preview:-1"},"canonical":"https:\/\/homologacao.sustentare.net\/site\/conheca-a-sustentare\/","og_locale":"pt_BR","og_type":"article","og_title":"Conhe\u00e7a a Sustentare | Sustentare - Escola de Neg\u00f3cios","og_description":"Conhe\u00e7a a Sustentare Escola de Neg\u00f3cios: prop\u00f3sito e m\u00e9todo que formam profissionais para transformar organiza\u00e7\u00f5es e a sociedade.","og_url":"https:\/\/homologacao.sustentare.net\/site\/conheca-a-sustentare\/","og_site_name":"Sustentare - Escola de Neg\u00f3cios","article_publisher":"https:\/\/www.facebook.com\/sustentare","article_modified_time":"2026-02-17T17:35:48+00:00","og_image":[{"width":960,"height":960,"url":"https:\/\/homologacao.sustentare.net\/site\/wp-content\/uploads\/2019\/02\/sustentare_facebook_squareavatar.png","type":"image\/png"}],"twitter_card":"summary_large_image","twitter_site":"@sustentare","twitter_misc":{"Est. tempo de leitura":"1 minuto"},"schema":{"@context":"https:\/\/schema.org","@graph":[{"@type":"WebPage","@id":"https:\/\/homologacao.sustentare.net\/site\/conheca-a-sustentare\/","url":"https:\/\/homologacao.sustentare.net\/site\/conheca-a-sustentare\/","name":"Conhe\u00e7a a Sustentare | Sustentare - Escola de Neg\u00f3cios","isPartOf":{"@id":"https:\/\/homologacao.sustentare.net\/site\/#website"},"datePublished":"2018-10-16T13:35:49+00:00","dateModified":"2026-02-17T17:35:48+00:00","description":"Conhe\u00e7a a Sustentare Escola de Neg\u00f3cios: prop\u00f3sito e m\u00e9todo que formam profissionais para transformar organiza\u00e7\u00f5es e a sociedade.","breadcrumb":{"@id":"https:\/\/homologacao.sustentare.net\/site\/conheca-a-sustentare\/#breadcrumb"},"inLanguage":"pt-BR","potentialAction":[{"@type":"ReadAction","target":["https:\/\/homologacao.sustentare.net\/site\/conheca-a-sustentare\/"]}]},{"@type":"BreadcrumbList","@id":"https:\/\/homologacao.sustentare.net\/site\/conheca-a-sustentare\/#breadcrumb","itemListElement":[{"@type":"ListItem","position":1,"name":"In\u00edcio","item":"https:\/\/homologacao.sustentare.net\/site\/"},{"@type":"ListItem","position":2,"name":"Conhe\u00e7a a Sustentare"}]},{"@type":"WebSite","@id":"https:\/\/homologacao.sustentare.net\/site\/#website","url":"https:\/\/homologacao.sustentare.net\/site\/","name":"Sustentare - Escola de Neg\u00f3cios","description":"P\u00f3s-gradua\u00e7\u00e3o e MBA flex\u00edvel e pr\u00e1tico","publisher":{"@id":"https:\/\/homologacao.sustentare.net\/site\/#organization"},"potentialAction":[{"@type":"SearchAction","target":{"@type":"EntryPoint","urlTemplate":"https:\/\/homologacao.sustentare.net\/site\/?s={search_term_string}"},"query-input":{"@type":"PropertyValueSpecification","valueRequired":true,"valueName":"search_term_string"}}],"inLanguage":"pt-BR"},{"@type":"Organization","@id":"https:\/\/homologacao.sustentare.net\/site\/#organization","name":"Sustentare Escola de Neg\u00f3cios","url":"https:\/\/homologacao.sustentare.net\/site\/","logo":{"@type":"ImageObject","inLanguage":"pt-BR","@id":"https:\/\/homologacao.sustentare.net\/site\/#\/schema\/logo\/image\/","url":"https:\/\/homologacao.sustentare.net\/site\/wp-content\/uploads\/2019\/02\/sustentare_facebook_squareavatar.png","contentUrl":"https:\/\/homologacao.sustentare.net\/site\/wp-content\/uploads\/2019\/02\/sustentare_facebook_squareavatar.png","width":960,"height":960,"caption":"Sustentare Escola de Neg\u00f3cios"},"image":{"@id":"https:\/\/homologacao.sustentare.net\/site\/#\/schema\/logo\/image\/"},"sameAs":["https:\/\/www.facebook.com\/sustentare","https:\/\/x.com\/sustentare"]}]}},"_links":{"self":[{"href":"https:\/\/homologacao.sustentare.net\/site\/wp-json\/wp\/v2\/pages\/24","targetHints":{"allow":["GET"]}}],"collection":[{"href":"https:\/\/homologacao.sustentare.net\/site\/wp-json\/wp\/v2\/pages"}],"about":[{"href":"https:\/\/homologacao.sustentare.net\/site\/wp-json\/wp\/v2\/types\/page"}],"author":[{"embeddable":true,"href":"https:\/\/homologacao.sustentare.net\/site\/wp-json\/wp\/v2\/users\/4"}],"replies":[{"embeddable":true,"href":"https:\/\/homologacao.sustentare.net\/site\/wp-json\/wp\/v2\/comments?post=24"}],"version-history":[{"count":2,"href":"https:\/\/homologacao.sustentare.net\/site\/wp-json\/wp\/v2\/pages\/24\/revisions"}],"predecessor-version":[{"id":160187,"href":"https:\/\/homologacao.sustentare.net\/site\/wp-json\/wp\/v2\/pages\/24\/revisions\/160187"}],"wp:attachment":[{"href":"https:\/\/homologacao.sustentare.net\/site\/wp-json\/wp\/v2\/media?parent=24"}],"curies":[{"name":"wp","href":"https:\/\/api.w.org\/{rel}","templated":true}]}}