{"id":18,"date":"2018-10-15T17:53:23","date_gmt":"2018-10-15T20:53:23","guid":{"rendered":"http:\/\/192.168.0.102\/sustentare-novo-site\/?page_id=18"},"modified":"2025-10-24T08:50:34","modified_gmt":"2025-10-24T11:50:34","slug":"corpo-docente","status":"publish","type":"page","link":"https:\/\/homologacao.sustentare.net\/site\/corpo-docente\/","title":{"rendered":"Corpo Docente"},"content":{"rendered":"<p>Com um mercado t\u00e3o din\u00e2mico como o atual, a compet\u00eancia dos professores \u00e9 ponto fundamental na qualifica\u00e7\u00e3o do ensino oferecido. A Sustentare Escola de Neg\u00f3cios, atrav\u00e9s de uma r\u00edgida sele\u00e7\u00e3o, conta com um excelente corpo docente, entre mestres e doutores. A qualifica\u00e7\u00e3o dos docentes tamb\u00e9m est\u00e1 atrelada \u00e0 sua capacidade did\u00e1tica, experi\u00eancia pr\u00e1tica em v\u00e1rios n\u00edveis &#8211; principalmente estrat\u00e9gicos &#8211; e \u00e0 cont\u00ednua atualiza\u00e7\u00e3o dos seus conhecimentos, que resultam no grande diferencial do Sustentare Escola de Neg\u00f3cios: ensino qualificado que expande o conhecimento.<\/p>\n<p>100% dos professores s\u00e3o Doutores, Mestres ou MBA; 100% dos professores s\u00e3o l\u00edderes empreendedores; 100% dos professores possuem atividades extra acad\u00eamicas, como executivos, em cargos gerenciais, consultores e empreendedores. 100% dos professores esperam por VOC\u00ca.<\/p>\n","protected":false},"excerpt":{"rendered":"<p>Com um mercado t\u00e3o din\u00e2mico como o atual, a compet\u00eancia dos professores \u00e9 ponto fundamental na qualifica\u00e7\u00e3o do ensino oferecido. A Sustentare Escola de Neg\u00f3cios, atrav\u00e9s de uma r\u00edgida sele ...","protected":false},"author":35,"featured_media":0,"parent":0,"menu_order":0,"comment_status":"closed","ping_status":"closed","template":"","meta":{"_acf_changed":false,"inline_featured_image":false,"footnotes":""},"class_list":["post-18","page","type-page","status-publish","hentry"],"acf":[],"yoast_head":"<!-- This site is optimized with the Yoast SEO plugin v27.1.1 - https:\/\/yoast.com\/product\/yoast-seo-wordpress\/ -->\n<title>Corpo Docente | Sustentare - Escola de Neg\u00f3cios<\/title>\n<meta name=\"description\" content=\"Conhe\u00e7a o corpo docente da Sustentare: profissionais experientes que unem teoria e pr\u00e1tica para transformar sua carreira.\" \/>\n<meta name=\"robots\" content=\"index, follow, max-snippet:-1, max-image-preview:large, max-video-preview:-1\" \/>\n<link rel=\"canonical\" href=\"https:\/\/homologacao.sustentare.net\/site\/corpo-docente\/\" \/>\n<meta property=\"og:locale\" content=\"pt_BR\" \/>\n<meta property=\"og:type\" content=\"article\" \/>\n<meta property=\"og:title\" content=\"Corpo Docente | Sustentare - Escola de Neg\u00f3cios\" \/>\n<meta property=\"og:description\" content=\"Conhe\u00e7a o corpo docente da Sustentare: profissionais experientes que unem teoria e pr\u00e1tica para transformar sua carreira.\" \/>\n<meta property=\"og:url\" content=\"https:\/\/homologacao.sustentare.net\/site\/corpo-docente\/\" \/>\n<meta property=\"og:site_name\" content=\"Sustentare - Escola de Neg\u00f3cios\" \/>\n<meta property=\"article:publisher\" content=\"https:\/\/www.facebook.com\/sustentare\" \/>\n<meta property=\"article:modified_time\" content=\"2025-10-24T11:50:34+00:00\" \/>\n<meta property=\"og:image\" content=\"https:\/\/homologacao.sustentare.net\/site\/wp-content\/uploads\/2019\/02\/sustentare_facebook_squareavatar.png\" \/>\n\t<meta property=\"og:image:width\" content=\"960\" \/>\n\t<meta property=\"og:image:height\" content=\"960\" \/>\n\t<meta property=\"og:image:type\" content=\"image\/png\" \/>\n<meta name=\"twitter:card\" content=\"summary_large_image\" \/>\n<meta name=\"twitter:site\" content=\"@sustentare\" \/>\n<meta name=\"twitter:label1\" content=\"Est. tempo de leitura\" \/>\n\t<meta name=\"twitter:data1\" content=\"1 minuto\" \/>\n<script type=\"application\/ld+json\" class=\"yoast-schema-graph\">{\"@context\":\"https:\/\/schema.org\",\"@graph\":[{\"@type\":\"WebPage\",\"@id\":\"https:\/\/homologacao.sustentare.net\/site\/corpo-docente\/\",\"url\":\"https:\/\/homologacao.sustentare.net\/site\/corpo-docente\/\",\"name\":\"Corpo Docente | Sustentare - Escola de Neg\u00f3cios\",\"isPartOf\":{\"@id\":\"https:\/\/homologacao.sustentare.net\/site\/#website\"},\"datePublished\":\"2018-10-15T20:53:23+00:00\",\"dateModified\":\"2025-10-24T11:50:34+00:00\",\"description\":\"Conhe\u00e7a o corpo docente da Sustentare: profissionais experientes que unem teoria e pr\u00e1tica para transformar sua carreira.\",\"breadcrumb\":{\"@id\":\"https:\/\/homologacao.sustentare.net\/site\/corpo-docente\/#breadcrumb\"},\"inLanguage\":\"pt-BR\",\"potentialAction\":[{\"@type\":\"ReadAction\",\"target\":[\"https:\/\/homologacao.sustentare.net\/site\/corpo-docente\/\"]}]},{\"@type\":\"BreadcrumbList\",\"@id\":\"https:\/\/homologacao.sustentare.net\/site\/corpo-docente\/#breadcrumb\",\"itemListElement\":[{\"@type\":\"ListItem\",\"position\":1,\"name\":\"In\u00edcio\",\"item\":\"https:\/\/homologacao.sustentare.net\/site\/\"},{\"@type\":\"ListItem\",\"position\":2,\"name\":\"Corpo Docente\"}]},{\"@type\":\"WebSite\",\"@id\":\"https:\/\/homologacao.sustentare.net\/site\/#website\",\"url\":\"https:\/\/homologacao.sustentare.net\/site\/\",\"name\":\"Sustentare - Escola de Neg\u00f3cios\",\"description\":\"P\u00f3s-gradua\u00e7\u00e3o e MBA flex\u00edvel e pr\u00e1tico\",\"publisher\":{\"@id\":\"https:\/\/homologacao.sustentare.net\/site\/#organization\"},\"potentialAction\":[{\"@type\":\"SearchAction\",\"target\":{\"@type\":\"EntryPoint\",\"urlTemplate\":\"https:\/\/homologacao.sustentare.net\/site\/?s={search_term_string}\"},\"query-input\":{\"@type\":\"PropertyValueSpecification\",\"valueRequired\":true,\"valueName\":\"search_term_string\"}}],\"inLanguage\":\"pt-BR\"},{\"@type\":\"Organization\",\"@id\":\"https:\/\/homologacao.sustentare.net\/site\/#organization\",\"name\":\"Sustentare Escola de Neg\u00f3cios\",\"url\":\"https:\/\/homologacao.sustentare.net\/site\/\",\"logo\":{\"@type\":\"ImageObject\",\"inLanguage\":\"pt-BR\",\"@id\":\"https:\/\/homologacao.sustentare.net\/site\/#\/schema\/logo\/image\/\",\"url\":\"https:\/\/homologacao.sustentare.net\/site\/wp-content\/uploads\/2019\/02\/sustentare_facebook_squareavatar.png\",\"contentUrl\":\"https:\/\/homologacao.sustentare.net\/site\/wp-content\/uploads\/2019\/02\/sustentare_facebook_squareavatar.png\",\"width\":960,\"height\":960,\"caption\":\"Sustentare Escola de Neg\u00f3cios\"},\"image\":{\"@id\":\"https:\/\/homologacao.sustentare.net\/site\/#\/schema\/logo\/image\/\"},\"sameAs\":[\"https:\/\/www.facebook.com\/sustentare\",\"https:\/\/x.com\/sustentare\"]}]}<\/script>\n<!-- \/ Yoast SEO plugin. -->","yoast_head_json":{"title":"Corpo Docente | Sustentare - Escola de Neg\u00f3cios","description":"Conhe\u00e7a o corpo docente da Sustentare: profissionais experientes que unem teoria e pr\u00e1tica para transformar sua carreira.","robots":{"index":"index","follow":"follow","max-snippet":"max-snippet:-1","max-image-preview":"max-image-preview:large","max-video-preview":"max-video-preview:-1"},"canonical":"https:\/\/homologacao.sustentare.net\/site\/corpo-docente\/","og_locale":"pt_BR","og_type":"article","og_title":"Corpo Docente | Sustentare - Escola de Neg\u00f3cios","og_description":"Conhe\u00e7a o corpo docente da Sustentare: profissionais experientes que unem teoria e pr\u00e1tica para transformar sua carreira.","og_url":"https:\/\/homologacao.sustentare.net\/site\/corpo-docente\/","og_site_name":"Sustentare - Escola de Neg\u00f3cios","article_publisher":"https:\/\/www.facebook.com\/sustentare","article_modified_time":"2025-10-24T11:50:34+00:00","og_image":[{"width":960,"height":960,"url":"https:\/\/homologacao.sustentare.net\/site\/wp-content\/uploads\/2019\/02\/sustentare_facebook_squareavatar.png","type":"image\/png"}],"twitter_card":"summary_large_image","twitter_site":"@sustentare","twitter_misc":{"Est. tempo de leitura":"1 minuto"},"schema":{"@context":"https:\/\/schema.org","@graph":[{"@type":"WebPage","@id":"https:\/\/homologacao.sustentare.net\/site\/corpo-docente\/","url":"https:\/\/homologacao.sustentare.net\/site\/corpo-docente\/","name":"Corpo Docente | Sustentare - Escola de Neg\u00f3cios","isPartOf":{"@id":"https:\/\/homologacao.sustentare.net\/site\/#website"},"datePublished":"2018-10-15T20:53:23+00:00","dateModified":"2025-10-24T11:50:34+00:00","description":"Conhe\u00e7a o corpo docente da Sustentare: profissionais experientes que unem teoria e pr\u00e1tica para transformar sua carreira.","breadcrumb":{"@id":"https:\/\/homologacao.sustentare.net\/site\/corpo-docente\/#breadcrumb"},"inLanguage":"pt-BR","potentialAction":[{"@type":"ReadAction","target":["https:\/\/homologacao.sustentare.net\/site\/corpo-docente\/"]}]},{"@type":"BreadcrumbList","@id":"https:\/\/homologacao.sustentare.net\/site\/corpo-docente\/#breadcrumb","itemListElement":[{"@type":"ListItem","position":1,"name":"In\u00edcio","item":"https:\/\/homologacao.sustentare.net\/site\/"},{"@type":"ListItem","position":2,"name":"Corpo Docente"}]},{"@type":"WebSite","@id":"https:\/\/homologacao.sustentare.net\/site\/#website","url":"https:\/\/homologacao.sustentare.net\/site\/","name":"Sustentare - Escola de Neg\u00f3cios","description":"P\u00f3s-gradua\u00e7\u00e3o e MBA flex\u00edvel e pr\u00e1tico","publisher":{"@id":"https:\/\/homologacao.sustentare.net\/site\/#organization"},"potentialAction":[{"@type":"SearchAction","target":{"@type":"EntryPoint","urlTemplate":"https:\/\/homologacao.sustentare.net\/site\/?s={search_term_string}"},"query-input":{"@type":"PropertyValueSpecification","valueRequired":true,"valueName":"search_term_string"}}],"inLanguage":"pt-BR"},{"@type":"Organization","@id":"https:\/\/homologacao.sustentare.net\/site\/#organization","name":"Sustentare Escola de Neg\u00f3cios","url":"https:\/\/homologacao.sustentare.net\/site\/","logo":{"@type":"ImageObject","inLanguage":"pt-BR","@id":"https:\/\/homologacao.sustentare.net\/site\/#\/schema\/logo\/image\/","url":"https:\/\/homologacao.sustentare.net\/site\/wp-content\/uploads\/2019\/02\/sustentare_facebook_squareavatar.png","contentUrl":"https:\/\/homologacao.sustentare.net\/site\/wp-content\/uploads\/2019\/02\/sustentare_facebook_squareavatar.png","width":960,"height":960,"caption":"Sustentare Escola de Neg\u00f3cios"},"image":{"@id":"https:\/\/homologacao.sustentare.net\/site\/#\/schema\/logo\/image\/"},"sameAs":["https:\/\/www.facebook.com\/sustentare","https:\/\/x.com\/sustentare"]}]}},"_links":{"self":[{"href":"https:\/\/homologacao.sustentare.net\/site\/wp-json\/wp\/v2\/pages\/18","targetHints":{"allow":["GET"]}}],"collection":[{"href":"https:\/\/homologacao.sustentare.net\/site\/wp-json\/wp\/v2\/pages"}],"about":[{"href":"https:\/\/homologacao.sustentare.net\/site\/wp-json\/wp\/v2\/types\/page"}],"author":[{"embeddable":true,"href":"https:\/\/homologacao.sustentare.net\/site\/wp-json\/wp\/v2\/users\/35"}],"replies":[{"embeddable":true,"href":"https:\/\/homologacao.sustentare.net\/site\/wp-json\/wp\/v2\/comments?post=18"}],"version-history":[{"count":0,"href":"https:\/\/homologacao.sustentare.net\/site\/wp-json\/wp\/v2\/pages\/18\/revisions"}],"wp:attachment":[{"href":"https:\/\/homologacao.sustentare.net\/site\/wp-json\/wp\/v2\/media?parent=18"}],"curies":[{"name":"wp","href":"https:\/\/api.w.org\/{rel}","templated":true}]}}